{"id":23938,"date":"2025-02-06T13:25:20","date_gmt":"2025-02-06T12:25:20","guid":{"rendered":"https:\/\/campingjura.ch\/?page_id=23938"},"modified":"2026-04-14T06:43:02","modified_gmt":"2026-04-14T04:43:02","slug":"location","status":"publish","type":"page","link":"https:\/\/campingjura.ch\/de\/location\/","title":{"rendered":"Location"},"content":{"rendered":"<p>[et_pb_section fb_built=\u00a0\u00bb1&Prime; custom_padding_last_edited=\u00a0\u00bbon|phone\u00a0\u00bb _builder_version=\u00a0\u00bb4.27.4&Prime; background_color_gradient_direction=\u00a0\u00bb90deg\u00a0\u00bb background_enable_image=\u00a0\u00bboff\u00a0\u00bb custom_padding=\u00a0\u00bb70px||70px||true|false\u00a0\u00bb custom_padding_tablet=\u00a0\u00bb70px||70px||true|false\u00a0\u00bb custom_padding_phone=\u00a0\u00bb200px||0px||false|false\u00a0\u00bb global_colors_info=\u00a0\u00bb{}\u00a0\u00bb][et_pb_row use_custom_gutter=\u00a0\u00bbon\u00a0\u00bb gutter_width=\u00a0\u00bb2&Prime; make_equal=\u00a0\u00bbon\u00a0\u00bb _builder_version=\u00a0\u00bb4.27.4&Prime; width=\u00a0\u00bb92%\u00a0\u00bb width_tablet=\u00a0\u00bb90%\u00a0\u00bb width_phone=\u00a0\u00bb90%\u00a0\u00bb width_last_edited=\u00a0\u00bbon|tablet\u00a0\u00bb max_width=\u00a0\u00bb1170px\u00a0\u00bb max_width_tablet=\u00a0\u00bb90%\u00a0\u00bb max_width_phone=\u00a0\u00bb90%\u00a0\u00bb max_width_last_edited=\u00a0\u00bbon|tablet\u00a0\u00bb custom_margin=\u00a0\u00bb0px||0px||false|false\u00a0\u00bb custom_padding=\u00a0\u00bb0px||0px||false|false\u00a0\u00bb global_colors_info=\u00a0\u00bb{}\u00a0\u00bb][et_pb_column type=\u00a0\u00bb4_4&Prime; _builder_version=\u00a0\u00bb4.27.4&Prime; global_colors_info=\u00a0\u00bb{}\u00a0\u00bb][et_pb_text _builder_version=\u00a0\u00bb4.27.4&Prime; header_font=\u00a0\u00bb&#8211;et_global_body_font||||||||\u00a0\u00bb header_text_color=\u00a0\u00bb#01565b\u00a0\u00bb header_font_size=\u00a0\u00bb70px\u00a0\u00bb z_index=\u00a0\u00bb999&Prime; custom_margin=\u00a0\u00bb||||false|false\u00a0\u00bb custom_margin_tablet=\u00a0\u00bb\u00a0\u00bb custom_margin_phone=\u00a0\u00bb-152px||||false|false\u00a0\u00bb custom_margin_last_edited=\u00a0\u00bbon|desktop\u00a0\u00bb animation_direction=\u00a0\u00bbright\u00a0\u00bb header_font_size_tablet=\u00a0\u00bb50px\u00a0\u00bb header_font_size_phone=\u00a0\u00bb30px\u00a0\u00bb header_font_size_last_edited=\u00a0\u00bbon|desktop\u00a0\u00bb global_colors_info=\u00a0\u00bb{}\u00a0\u00bb]<\/p>\n<h1><span>LOCATION<\/span><\/h1>\n<p>[\/et_pb_text][et_pb_divider color=\u00a0\u00bb#01565b\u00a0\u00bb divider_weight=\u00a0\u00bb4px\u00a0\u00bb _builder_version=\u00a0\u00bb4.27.4&Prime; max_width=\u00a0\u00bb70px\u00a0\u00bb global_colors_info=\u00a0\u00bb{}\u00a0\u00bb][\/et_pb_divider][\/et_pb_column][\/et_pb_row][\/et_pb_section][et_pb_section fb_built=\u00a0\u00bb1&Prime; module_id=\u00a0\u00bbroulotte\u00a0\u00bb _builder_version=\u00a0\u00bb4.27.4&Prime; custom_padding=\u00a0\u00bb0px||70px||false|false\u00a0\u00bb global_colors_info=\u00a0\u00bb{}\u00a0\u00bb][et_pb_row column_structure=\u00a0\u00bb1_2,1_2&Prime; _builder_version=\u00a0\u00bb4.27.4&Prime; _module_preset=\u00a0\u00bbdefault\u00a0\u00bb custom_margin=\u00a0\u00bb0px||0px||true|false\u00a0\u00bb custom_padding=\u00a0\u00bb0px||0px||false|false\u00a0\u00bb global_colors_info=\u00a0\u00bb{}\u00a0\u00bb][et_pb_column type=\u00a0\u00bb1_2&Prime; _builder_version=\u00a0\u00bb4.27.4&Prime; _module_preset=\u00a0\u00bbdefault\u00a0\u00bb global_colors_info=\u00a0\u00bb{}\u00a0\u00bb][et_pb_slider _builder_version=\u00a0\u00bb4.27.4&Prime; _module_preset=\u00a0\u00bbdefault\u00a0\u00bb min_height=\u00a0\u00bb326.7px\u00a0\u00bb custom_padding=\u00a0\u00bb||87px|||\u00a0\u00bb global_colors_info=\u00a0\u00bb{}\u00a0\u00bb][et_pb_slide _builder_version=\u00a0\u00bb4.27.4&Prime; _module_preset=\u00a0\u00bbdefault\u00a0\u00bb background_enable_color=\u00a0\u00bboff\u00a0\u00bb background_image=\u00a0\u00bbhttps:\/\/campingjura.ch\/wp-content\/uploads\/2025\/02\/12-1-1.png\u00a0\u00bb background_enable_image=\u00a0\u00bbon\u00a0\u00bb global_colors_info=\u00a0\u00bb{}\u00a0\u00bb sticky_transition=\u00a0\u00bbon\u00a0\u00bb][\/et_pb_slide][et_pb_slide _builder_version=\u00a0\u00bb4.27.4&Prime; _module_preset=\u00a0\u00bbdefault\u00a0\u00bb background_enable_color=\u00a0\u00bboff\u00a0\u00bb background_image=\u00a0\u00bbhttps:\/\/campingjura.ch\/wp-content\/uploads\/2025\/02\/11-1-2.png\u00a0\u00bb background_enable_image=\u00a0\u00bbon\u00a0\u00bb global_colors_info=\u00a0\u00bb{}\u00a0\u00bb sticky_transition=\u00a0\u00bbon\u00a0\u00bb][\/et_pb_slide][et_pb_slide _builder_version=\u00a0\u00bb4.27.4&Prime; _module_preset=\u00a0\u00bbdefault\u00a0\u00bb background_enable_color=\u00a0\u00bboff\u00a0\u00bb background_image=\u00a0\u00bbhttps:\/\/campingjura.ch\/wp-content\/uploads\/2025\/05\/20240814_174332-1.jpg\u00a0\u00bb background_enable_image=\u00a0\u00bbon\u00a0\u00bb global_colors_info=\u00a0\u00bb{}\u00a0\u00bb sticky_transition=\u00a0\u00bbon\u00a0\u00bb][\/et_pb_slide][\/et_pb_slider][\/et_pb_column][et_pb_column type=\u00a0\u00bb1_2&Prime; _builder_version=\u00a0\u00bb4.27.4&Prime; _module_preset=\u00a0\u00bbdefault\u00a0\u00bb global_colors_info=\u00a0\u00bb{}\u00a0\u00bb][et_pb_text _builder_version=\u00a0\u00bb4.27.4&Prime; header_font=\u00a0\u00bb&#8211;et_global_body_font||||||||\u00a0\u00bb header_text_color=\u00a0\u00bb#01565b\u00a0\u00bb header_font_size=\u00a0\u00bb31px\u00a0\u00bb header_line_height=\u00a0\u00bb1.3em\u00a0\u00bb custom_margin=\u00a0\u00bb-4px||||false|false\u00a0\u00bb global_colors_info=\u00a0\u00bb{}\u00a0\u00bb]<\/p>\n<h1>ROULOTTE<\/h1>\n<p>[\/et_pb_text][et_pb_text _builder_version=\u00a0\u00bb4.27.4&Prime; text_font=\u00a0\u00bbOpen Sans||||||||\u00a0\u00bb text_text_color=\u00a0\u00bb#01565b\u00a0\u00bb text_font_size=\u00a0\u00bb16px\u00a0\u00bb text_line_height=\u00a0\u00bb1.8em\u00a0\u00bb header_text_color=\u00a0\u00bb#000000&Prime; min_height=\u00a0\u00bb259.4px\u00a0\u00bb custom_margin=\u00a0\u00bb0px||0px||true|false\u00a0\u00bb custom_margin_tablet=\u00a0\u00bb-12px||||false|false\u00a0\u00bb custom_margin_phone=\u00a0\u00bb-12px||||false|false\u00a0\u00bb custom_margin_last_edited=\u00a0\u00bbon|tablet\u00a0\u00bb custom_padding=\u00a0\u00bb0px||0px||true|false\u00a0\u00bb global_colors_info=\u00a0\u00bb{}\u00a0\u00bb]<\/p>\n<p><span data-canva-clipboard=\"ewAiAGEAIgA6ADUALAAiAGgAIgA6ACIAdwB3AHcALgBjAGEAbgB2AGEALgBjAG8AbQAiACwAIgBjACIAOgAiAEQAQQBHAFoAMABOAEoATwBhAHIAYwAiACwAIgBpACIAOgAiADcASABXAEgAQgA5AHMAOAAtAFMATwBqAFMAZgBtAEwAYQA3AEYAaABxAFEAIgAsACIAYgAiADoAMQA3ADMAOAA2ADgAMAA2ADUAOQAyADUANQAsACIAQQA\/ACIAOgAiAEIAIgAsACIAQQAiADoAWwB7ACIAMgAiADoAewAiAEEAIgA6ACIAIgB9ACwAIgBBACIAOgAyADkAMQAuADMANgAzADEANQAwADcANgA5ADYANwA4ADIALAAiAEIAIgA6ADUANgA4AC4ANgA5ADYAMAA3ADUANQAxADYAOQA3ADIANwAsACIARAAiADoANwAwADUALgAwADgANQA5ADEAOQA5ADAANgA0ADAANQA1ACwAIgBDACIAOgAxADYAOQAuADgAMQA0ADgANgAsACIAQQA\/ACIAOgAiAEsAIgAsACIAYQAiADoAewAiAEEAIgA6AFsAewAiAEEAPwAiADoAIgBBACIALAAiAEEAIgA6ACIAQQBpAG0AZQByAGkAZQB6AC0AdgBvAHUAcwAgAGEAdgBvAGkAcgAgAHUAbgAgAGMAbwBpAG4AIABzAHkAbQBwAGEAIABlAHQAIAB0AHIAYQBuAHEAdQBpAGwAbABlACAAcABvAHUAcgAgAHYAbwB1AHMAIAByAGUAcABvAHMAZQByACAAbABlACAAdABlAG0AcABzACAAZAAnAHUAbgAgAHcAZQBlAGsAIABlAG4AZAAgAG8AdQAgAG0A6gBtAGUAIAB5ACAAcABhAHMAcwBlAHIAIAB2AG8AcwAgAHYAYQBjAGEAbgBjAGUAcwAhAFwAbgBcAG4ARQB0ACAAYgBpAGUAbgAgAHMAYQBjAGgAZQB6ACAAcQB1ACcAaQBsACAAZQB4AGkAcwB0AGUAIAB1AG4AIABlAG4AZAByAG8AaQB0ACAAbwD5ACAAYwAnAGUAcwB0ACAAcABvAHMAcwBpAGIAbABlACEAIABDACcAZQBzAHQAIABhAHUAIABjAGEAbQBwAGkAbgBnACAAZAB1ACAAUgBhAGkAbQBlAHUAeAAgAOAAIABSAGUAYgBlAHUAdgBlAGwAaQBlAHIALgBcAG4AXABuACIAfQBdACwAIgBCACIAOgBbAHsAIgBBAD8AIgA6ACIAQQAiACwAIgBBACIAOgB7ACIAZgBvAG4AdAAtAHMAaQB6AGUAIgA6AHsAIgBCACIAOgAiADIAMAAuADkAMgA1ADcAIgB9ACwAIgBmAG8AbgB0AC0AZgBhAG0AaQBsAHkAIgA6AHsAIgBCACIAOgAiAFkAQQBGAGQASgBqAFQAawA1AFUAVQAsADAAIgB9AH0AfQAsAHsAIgBBAD8AIgA6ACIAQgAiACwAIgBBACIAOgAxADIAMQB9ACwAewAiAEEAPwAiADoAIgBBACIALAAiAEEAIgA6AHsAIgBmAG8AbgB0AC0AcwBpAHoAZQAiADoAewB9ACwAIgBmAG8AbgB0AC0AZgBhAG0AaQBsAHkAIgA6AHsAfQB9AH0ALAB7ACIAQQA\/ACIAOgAiAEIAIgAsACIAQQAiADoAMQAwADAAfQAsAHsAIgBBAD8AIgA6ACIAQQAiACwAIgBBACIAOgB7ACIAZgBvAG4AdAAtAHMAaQB6AGUAIgA6AHsAIgBCACIAOgAiADIAMAAuADkAMgA1ADcAIgB9ACwAIgBmAG8AbgB0AC0AZgBhAG0AaQBsAHkAIgA6AHsAIgBCACIAOgAiAFkAQQBGAGQASgBqAFQAawA1AFUAVQAsADAAIgB9AH0AfQAsAHsAIgBBAD8AIgA6ACIAQgAiACwAIgBBACIAOgAxAH0ALAB7ACIAQQA\/ACIAOgAiAEEAIgAsACIAQQAiADoAewAiAGYAbwBuAHQALQBzAHQAeQBsAGUAIgA6AHsAIgBCACIAOgAiAG4AbwByAG0AYQBsACIAfQAsACIAZgBvAG4AdAAtAHcAZQBpAGcAaAB0ACIAOgB7ACIAQgAiADoAIgBuAG8AcgBtAGEAbAAiAH0ALAAiAGMAbwBsAG8AcgAiADoAewAiAEIAIgA6ACIAIwAwADAAMAAwADAAMAAiAH0AfQB9ACwAewAiAEEAPwAiADoAIgBCACIALAAiAEEAIgA6ADEAfQAsAHsAIgBBAD8AIgA6ACIAQQAiACwAIgBBACIAOgB7ACIAYwBvAGwAbwByACIAOgB7AH0ALAAiAGYAbwBuAHQALQB3AGUAaQBnAGgAdAAiADoAewB9ACwAIgBmAG8AbgB0AC0AcwB0AHkAbABlACIAOgB7AH0ALAAiAGYAbwBuAHQALQBzAGkAegBlACIAOgB7AH0ALAAiAGYAbwBuAHQALQBmAGEAbQBpAGwAeQAiADoAewB9AH0AfQBdAH0ALAAiAGIAIgA6AHsAIgBBACIAOgBbADYAOQAsADUAMQAsADEALAA2ADcALAAzADQALAAxAF0AfQAsACIAZAAiADoAIgBBACIALAAiAGcAIgA6AGYAYQBsAHMAZQAsACIAaAAiADoAIgBBACIAfQBdACwAIgBCACIAOgAxADMANgA2ACwAIgBDACIAOgA3ADQAMwB9AA==\"><\/span><\/p>\n<p>Roulotte\u00a0pour 2 personnes avec\u00a0WC et petite cuisine \u00e0 louer au prix<span>\u00a0<\/span><strong>de 60.- la nuit<\/strong>.<\/p>\n<p>La douche se prend aux sanitaires communs du camping.<\/p>\n<p><em><span style=\"text-decoration: underline;\">10.- suppl\u00e9mentaires par personne pour literie et serviettes de douche (option)<\/span><\/em><\/p>\n<p>[\/et_pb_text][\/et_pb_column][\/et_pb_row][\/et_pb_section][et_pb_section fb_built=\u00a0\u00bb1&Prime; custom_padding_last_edited=\u00a0\u00bbon|desktop\u00a0\u00bb module_id=\u00a0\u00bbbungalow\u00a0\u00bb _builder_version=\u00a0\u00bb4.27.4&Prime; background_color=\u00a0\u00bb#f8f5f5&Prime; custom_padding=\u00a0\u00bb70px||70px||false|false\u00a0\u00bb custom_padding_tablet=\u00a0\u00bb\u00a0\u00bb custom_padding_phone=\u00a0\u00bb||30px||false|false\u00a0\u00bb global_colors_info=\u00a0\u00bb{}\u00a0\u00bb][et_pb_row column_structure=\u00a0\u00bb1_2,1_2&Prime; _builder_version=\u00a0\u00bb4.27.4&Prime; _module_preset=\u00a0\u00bbdefault\u00a0\u00bb custom_margin=\u00a0\u00bb0px||0px||false|false\u00a0\u00bb custom_padding=\u00a0\u00bb0px||0px||false|false\u00a0\u00bb global_colors_info=\u00a0\u00bb{}\u00a0\u00bb][et_pb_column type=\u00a0\u00bb1_2&Prime; _builder_version=\u00a0\u00bb4.27.4&Prime; _module_preset=\u00a0\u00bbdefault\u00a0\u00bb global_colors_info=\u00a0\u00bb{}\u00a0\u00bb][et_pb_text _builder_version=\u00a0\u00bb4.27.4&Prime; header_font=\u00a0\u00bb&#8211;et_global_body_font||||||||\u00a0\u00bb header_text_color=\u00a0\u00bb#01565b\u00a0\u00bb header_font_size=\u00a0\u00bb31px\u00a0\u00bb header_line_height=\u00a0\u00bb1.3em\u00a0\u00bb custom_margin=\u00a0\u00bb-4px||||false|false\u00a0\u00bb global_colors_info=\u00a0\u00bb{}\u00a0\u00bb]<\/p>\n<h1>BUNGALOW<\/h1>\n<p>[\/et_pb_text][et_pb_text _builder_version=\u00a0\u00bb4.27.4&Prime; text_font=\u00a0\u00bbOpen Sans||||||||\u00a0\u00bb text_text_color=\u00a0\u00bb#01565b\u00a0\u00bb text_font_size=\u00a0\u00bb16px\u00a0\u00bb text_line_height=\u00a0\u00bb1.8em\u00a0\u00bb custom_margin=\u00a0\u00bb-4px||||false|false\u00a0\u00bb custom_margin_tablet=\u00a0\u00bb-12px||||false|false\u00a0\u00bb custom_margin_phone=\u00a0\u00bb-12px||||false|false\u00a0\u00bb custom_margin_last_edited=\u00a0\u00bbon|tablet\u00a0\u00bb custom_padding=\u00a0\u00bb||||false|false\u00a0\u00bb global_colors_info=\u00a0\u00bb{}\u00a0\u00bb]<\/p>\n<p>Bungalow \u00e0 louer pour 5 personnes avec salle de bain, cuisine, s\u00e9jour et 2 chambres s\u00e9par\u00e9es <strong>\u00e0 partir de 2 nuits.<\/strong><\/p>\n<p><strong>2 nuits 250.-<br \/>semaine 550.-<br \/>mois 1&rsquo;250.-<br \/><\/strong><\/p>\n<p><strong>100 .- par nuit suppl\u00e9mentaire<\/strong><\/p>\n<p><span style=\"text-decoration: underline;\"><em>10.- suppl\u00e9mentaires par personne pour literie et serviettes de douche (option)<\/em><\/span><\/p>\n<p>Le jour de votre arriv\u00e9e, le bungalow peut \u00eatre occup\u00e9 d\u00e8s 15h.<br \/>Le jour de votre d\u00e9part, le bungalow doit \u00eatre lib\u00e9r\u00e9 \u00e0 12h.<br \/>30% acompte exig\u00e9 \u00e0 la r\u00e9servation.<\/p>\n<p>[\/et_pb_text][\/et_pb_column][et_pb_column type=\u00a0\u00bb1_2&Prime; _builder_version=\u00a0\u00bb4.27.4&Prime; _module_preset=\u00a0\u00bbdefault\u00a0\u00bb global_colors_info=\u00a0\u00bb{}\u00a0\u00bb][et_pb_slider _builder_version=\u00a0\u00bb4.27.4&Prime; _module_preset=\u00a0\u00bbdefault\u00a0\u00bb min_height=\u00a0\u00bb434.7px\u00a0\u00bb custom_margin=\u00a0\u00bb||0px||false|false\u00a0\u00bb global_colors_info=\u00a0\u00bb{}\u00a0\u00bb][et_pb_slide _builder_version=\u00a0\u00bb4.27.4&Prime; _module_preset=\u00a0\u00bbdefault\u00a0\u00bb background_enable_color=\u00a0\u00bboff\u00a0\u00bb background_image=\u00a0\u00bbhttps:\/\/campingjura.ch\/wp-content\/uploads\/2025\/02\/13-1-1.png\u00a0\u00bb background_enable_image=\u00a0\u00bbon\u00a0\u00bb global_colors_info=\u00a0\u00bb{}\u00a0\u00bb sticky_transition=\u00a0\u00bbon\u00a0\u00bb][\/et_pb_slide][et_pb_slide _builder_version=\u00a0\u00bb4.27.4&Prime; _module_preset=\u00a0\u00bbdefault\u00a0\u00bb background_enable_color=\u00a0\u00bboff\u00a0\u00bb background_image=\u00a0\u00bbhttps:\/\/campingjura.ch\/wp-content\/uploads\/2025\/02\/16.png\u00a0\u00bb background_enable_image=\u00a0\u00bbon\u00a0\u00bb global_colors_info=\u00a0\u00bb{}\u00a0\u00bb sticky_transition=\u00a0\u00bbon\u00a0\u00bb][\/et_pb_slide][et_pb_slide _builder_version=\u00a0\u00bb4.27.4&Prime; _module_preset=\u00a0\u00bbdefault\u00a0\u00bb background_enable_color=\u00a0\u00bboff\u00a0\u00bb background_image=\u00a0\u00bbhttps:\/\/campingjura.ch\/wp-content\/uploads\/2025\/02\/14.png\u00a0\u00bb background_enable_image=\u00a0\u00bbon\u00a0\u00bb global_colors_info=\u00a0\u00bb{}\u00a0\u00bb sticky_transition=\u00a0\u00bbon\u00a0\u00bb][\/et_pb_slide][et_pb_slide _builder_version=\u00a0\u00bb4.27.4&Prime; _module_preset=\u00a0\u00bbdefault\u00a0\u00bb background_enable_color=\u00a0\u00bboff\u00a0\u00bb background_image=\u00a0\u00bbhttps:\/\/campingjura.ch\/wp-content\/uploads\/2025\/02\/15.png\u00a0\u00bb background_enable_image=\u00a0\u00bbon\u00a0\u00bb global_colors_info=\u00a0\u00bb{}\u00a0\u00bb sticky_transition=\u00a0\u00bbon\u00a0\u00bb][\/et_pb_slide][\/et_pb_slider][\/et_pb_column][\/et_pb_row][\/et_pb_section][et_pb_section fb_built=\u00a0\u00bb1&Prime; custom_padding_last_edited=\u00a0\u00bbon|desktop\u00a0\u00bb module_id=\u00a0\u00bbdortoir\u00a0\u00bb _builder_version=\u00a0\u00bb4.27.4&Prime; custom_margin=\u00a0\u00bb0px||0px||true|false\u00a0\u00bb custom_padding=\u00a0\u00bb0px||0px||true|false\u00a0\u00bb custom_padding_tablet=\u00a0\u00bb\u00a0\u00bb custom_padding_phone=\u00a0\u00bb||30px||false|false\u00a0\u00bb global_colors_info=\u00a0\u00bb{}\u00a0\u00bb][et_pb_row column_structure=\u00a0\u00bb1_2,1_2&Prime; _builder_version=\u00a0\u00bb4.27.4&Prime; _module_preset=\u00a0\u00bbdefault\u00a0\u00bb custom_margin=\u00a0\u00bb70px||70px||true|false\u00a0\u00bb custom_padding=\u00a0\u00bb||0px||false|false\u00a0\u00bb global_colors_info=\u00a0\u00bb{}\u00a0\u00bb][et_pb_column type=\u00a0\u00bb1_2&Prime; _builder_version=\u00a0\u00bb4.27.4&Prime; _module_preset=\u00a0\u00bbdefault\u00a0\u00bb global_colors_info=\u00a0\u00bb{}\u00a0\u00bb][et_pb_slider _builder_version=\u00a0\u00bb4.27.4&Prime; _module_preset=\u00a0\u00bbdefault\u00a0\u00bb min_height=\u00a0\u00bb320.7px\u00a0\u00bb custom_margin=\u00a0\u00bb-20px|||||\u00a0\u00bb global_colors_info=\u00a0\u00bb{}\u00a0\u00bb][et_pb_slide _builder_version=\u00a0\u00bb4.27.4&Prime; _module_preset=\u00a0\u00bbdefault\u00a0\u00bb background_enable_color=\u00a0\u00bboff\u00a0\u00bb background_image=\u00a0\u00bbhttps:\/\/campingjura.ch\/wp-content\/uploads\/2025\/02\/18.png\u00a0\u00bb background_enable_image=\u00a0\u00bbon\u00a0\u00bb global_colors_info=\u00a0\u00bb{}\u00a0\u00bb sticky_transition=\u00a0\u00bbon\u00a0\u00bb][\/et_pb_slide][et_pb_slide _builder_version=\u00a0\u00bb4.27.4&Prime; _module_preset=\u00a0\u00bbdefault\u00a0\u00bb background_enable_color=\u00a0\u00bboff\u00a0\u00bb background_image=\u00a0\u00bbhttps:\/\/campingjura.ch\/wp-content\/uploads\/2025\/02\/17.png\u00a0\u00bb background_enable_image=\u00a0\u00bbon\u00a0\u00bb global_colors_info=\u00a0\u00bb{}\u00a0\u00bb sticky_transition=\u00a0\u00bbon\u00a0\u00bb][\/et_pb_slide][\/et_pb_slider][\/et_pb_column][et_pb_column type=\u00a0\u00bb1_2&Prime; _builder_version=\u00a0\u00bb4.27.4&Prime; _module_preset=\u00a0\u00bbdefault\u00a0\u00bb global_colors_info=\u00a0\u00bb{}\u00a0\u00bb][et_pb_text _builder_version=\u00a0\u00bb4.27.4&Prime; header_font=\u00a0\u00bb&#8211;et_global_body_font||||||||\u00a0\u00bb header_text_color=\u00a0\u00bb#01565b\u00a0\u00bb header_font_size=\u00a0\u00bb31px\u00a0\u00bb header_line_height=\u00a0\u00bb1.3em\u00a0\u00bb custom_margin=\u00a0\u00bb-4px||||false|false\u00a0\u00bb global_colors_info=\u00a0\u00bb{}\u00a0\u00bb]<\/p>\n<h1>DORTOIR<\/h1>\n<p>[\/et_pb_text][et_pb_text _builder_version=\u00a0\u00bb4.27.4&Prime; text_font=\u00a0\u00bbOpen Sans||||||||\u00a0\u00bb text_text_color=\u00a0\u00bb#01565b\u00a0\u00bb text_font_size=\u00a0\u00bb16px\u00a0\u00bb text_line_height=\u00a0\u00bb1.8em\u00a0\u00bb header_text_color=\u00a0\u00bb#000000&Prime; custom_margin=\u00a0\u00bb0px||0px||true|false\u00a0\u00bb custom_margin_tablet=\u00a0\u00bb-12px||||false|false\u00a0\u00bb custom_margin_phone=\u00a0\u00bb-12px||||false|false\u00a0\u00bb custom_margin_last_edited=\u00a0\u00bbon|tablet\u00a0\u00bb custom_padding=\u00a0\u00bb0px||0px||true|false\u00a0\u00bb global_colors_info=\u00a0\u00bb{}\u00a0\u00bb]<\/p>\n<p>20.- par adulte et enfant d\u00e8s 16 ans par nuit<\/p>\n<p>15.- par enfant<\/p>\n<p>&nbsp;<\/p>\n<p>[\/et_pb_text][\/et_pb_column][\/et_pb_row][\/et_pb_section]<\/p>\n","protected":false},"excerpt":{"rendered":"<p>LOCATIONROULOTTE Roulotte\u00a0pour 2 personnes avec\u00a0WC et petite cuisine \u00e0 louer au prix\u00a0de 60.- la nuit. La douche se prend aux sanitaires communs du camping. 10.- suppl\u00e9mentaires par personne pour literie et serviettes de douche (option)BUNGALOWBungalow \u00e0 louer pour 5 personnes avec salle de bain, cuisine, s\u00e9jour et 2 chambres s\u00e9par\u00e9es \u00e0 partir de 2 nuits. [&hellip;]<\/p>\n","protected":false},"author":1,"featured_media":0,"parent":0,"menu_order":0,"comment_status":"closed","ping_status":"closed","template":"","meta":{"_et_pb_use_builder":"on","_et_pb_old_content":"","_et_gb_content_width":"","footnotes":""},"class_list":["post-23938","page","type-page","status-publish","hentry"],"_links":{"self":[{"href":"https:\/\/campingjura.ch\/de\/wp-json\/wp\/v2\/pages\/23938","targetHints":{"allow":["GET"]}}],"collection":[{"href":"https:\/\/campingjura.ch\/de\/wp-json\/wp\/v2\/pages"}],"about":[{"href":"https:\/\/campingjura.ch\/de\/wp-json\/wp\/v2\/types\/page"}],"author":[{"embeddable":true,"href":"https:\/\/campingjura.ch\/de\/wp-json\/wp\/v2\/users\/1"}],"replies":[{"embeddable":true,"href":"https:\/\/campingjura.ch\/de\/wp-json\/wp\/v2\/comments?post=23938"}],"version-history":[{"count":29,"href":"https:\/\/campingjura.ch\/de\/wp-json\/wp\/v2\/pages\/23938\/revisions"}],"predecessor-version":[{"id":24280,"href":"https:\/\/campingjura.ch\/de\/wp-json\/wp\/v2\/pages\/23938\/revisions\/24280"}],"wp:attachment":[{"href":"https:\/\/campingjura.ch\/de\/wp-json\/wp\/v2\/media?parent=23938"}],"curies":[{"name":"wp","href":"https:\/\/api.w.org\/{rel}","templated":true}]}}